{"id":8,"date":"2015-06-27T13:10:14","date_gmt":"2015-06-27T11:10:14","guid":{"rendered":"http:\/\/haus-anja-maria.de\/?page_id=8"},"modified":"2024-01-09T15:15:39","modified_gmt":"2024-01-09T14:15:39","slug":"wohnung","status":"publish","type":"page","link":"https:\/\/haus-anja-maria.de\/?page_id=8","title":{"rendered":"Wohnung"},"content":{"rendered":"<p>Unsere gem\u00fctlich eingerichtete Souterrain-Wohnung (Raumh\u00f6he 2 Meter) hat einen separaten Eingang.<\/p>\n<p>W\u00e4sche, Handt\u00fccher und die Nebenkosten sind inklusive.<\/p>\n<div class=\"pagwrap\"><div class=\"easycontainer emgclearfix\"><div class=\"rig\"><div style=\"width:160px; height:160px;\" class=\"view da-thumbs\"><div class=\"iehand\"><a class=\"54-252\" rel=\"easymedia[grid]\" href=\"https:\/\/haus-anja-maria.de\/wp-content\/uploads\/2015\/06\/WhatsApp-Image-2020-06-15-at-09.38.32-2-940x705.jpeg\"><img decoding=\"async\" src=\"https:\/\/haus-anja-maria.de\/wp-content\/uploads\/2015\/06\/WhatsApp-Image-2020-06-15-at-09.38.32-2-160x160.jpeg\" alt=\"WhatsApp-Image-2020-06-15-at-09.38.32-2\" \/><article class=\"da-animate da-slideFromRight\"><p style=\"display: none;\" class=\"emgfittext\"><\/p><div class=\"forspan\"><span class=\"zoom\"><\/span><\/div><\/article><\/a><\/div><\/div><div style=\"width:160px; height:160px;\" class=\"view da-thumbs\"><div class=\"iehand\"><a class=\"54-261\" rel=\"easymedia[grid]\" href=\"https:\/\/haus-anja-maria.de\/wp-content\/uploads\/2015\/06\/WhatsApp-Image-2020-06-15-at-09.38.38-1-940x705.jpeg\"><img decoding=\"async\" src=\"https:\/\/haus-anja-maria.de\/wp-content\/uploads\/2015\/06\/WhatsApp-Image-2020-06-15-at-09.38.38-1-160x160.jpeg\" alt=\"WhatsApp-Image-2020-06-15-at-09.38.38-1\" \/><article class=\"da-animate da-slideFromRight\"><p style=\"display: none;\" class=\"emgfittext\"><\/p><div class=\"forspan\"><span class=\"zoom\"><\/span><\/div><\/article><\/a><\/div><\/div><div style=\"width:160px; height:160px;\" class=\"view da-thumbs\"><div class=\"iehand\"><a class=\"54-262\" rel=\"easymedia[grid]\" href=\"https:\/\/haus-anja-maria.de\/wp-content\/uploads\/2015\/06\/WhatsApp-Image-2020-06-15-at-09.38.38-940x705.jpeg\"><img decoding=\"async\" src=\"https:\/\/haus-anja-maria.de\/wp-content\/uploads\/2015\/06\/WhatsApp-Image-2020-06-15-at-09.38.38-160x160.jpeg\" alt=\"WhatsApp-Image-2020-06-15-at-09.38.38\" \/><article class=\"da-animate da-slideFromRight\"><p style=\"display: none;\" class=\"emgfittext\"><\/p><div class=\"forspan\"><span class=\"zoom\"><\/span><\/div><\/article><\/a><\/div><\/div><div style=\"width:160px; height:160px;\" class=\"view da-thumbs\"><div class=\"iehand\"><a class=\"54-225\" rel=\"easymedia[grid]\" href=\"https:\/\/haus-anja-maria.de\/wp-content\/uploads\/2015\/06\/IMG_2230-940x705.jpg\"><img decoding=\"async\" src=\"https:\/\/haus-anja-maria.de\/wp-content\/uploads\/2015\/06\/IMG_2230-160x160.jpg\" alt=\"IMG_2230\" \/><article class=\"da-animate da-slideFromRight\"><p style=\"display: none;\" class=\"emgfittext\"><\/p><div class=\"forspan\"><span class=\"zoom\"><\/span><\/div><\/article><\/a><\/div><\/div><div style=\"width:160px; height:160px;\" class=\"view da-thumbs\"><div class=\"iehand\"><a class=\"54-256\" rel=\"easymedia[grid]\" href=\"https:\/\/haus-anja-maria.de\/wp-content\/uploads\/2015\/06\/WhatsApp-Image-2020-06-15-at-09.38.34-940x705.jpeg\"><img decoding=\"async\" src=\"https:\/\/haus-anja-maria.de\/wp-content\/uploads\/2015\/06\/WhatsApp-Image-2020-06-15-at-09.38.34-160x160.jpeg\" alt=\"WhatsApp-Image-2020-06-15-at-09.38.34\" \/><article class=\"da-animate da-slideFromRight\"><p style=\"display: none;\" class=\"emgfittext\"><\/p><div class=\"forspan\"><span class=\"zoom\"><\/span><\/div><\/article><\/a><\/div><\/div><div style=\"width:160px; height:160px;\" class=\"view da-thumbs\"><div class=\"iehand\"><a class=\"54-255\" rel=\"easymedia[grid]\" href=\"https:\/\/haus-anja-maria.de\/wp-content\/uploads\/2015\/06\/WhatsApp-Image-2020-06-15-at-09.38.34-2-940x705.jpeg\"><img decoding=\"async\" src=\"https:\/\/haus-anja-maria.de\/wp-content\/uploads\/2015\/06\/WhatsApp-Image-2020-06-15-at-09.38.34-2-160x160.jpeg\" alt=\"WhatsApp-Image-2020-06-15-at-09.38.34-2\" \/><article class=\"da-animate da-slideFromRight\"><p style=\"display: none;\" class=\"emgfittext\"><\/p><div class=\"forspan\"><span class=\"zoom\"><\/span><\/div><\/article><\/a><\/div><\/div><div style=\"width:160px; height:160px;\" class=\"view da-thumbs\"><div class=\"iehand\"><a class=\"54-258\" rel=\"easymedia[grid]\" href=\"https:\/\/haus-anja-maria.de\/wp-content\/uploads\/2015\/06\/WhatsApp-Image-2020-06-15-at-09.38.36-3-940x1253.jpeg\"><img decoding=\"async\" src=\"https:\/\/haus-anja-maria.de\/wp-content\/uploads\/2015\/06\/WhatsApp-Image-2020-06-15-at-09.38.36-3-160x160.jpeg\" alt=\"WhatsApp-Image-2020-06-15-at-09.38.36-3\" \/><article class=\"da-animate da-slideFromRight\"><p style=\"display: none;\" class=\"emgfittext\"><\/p><div class=\"forspan\"><span class=\"zoom\"><\/span><\/div><\/article><\/a><\/div><\/div><div style=\"width:160px; height:160px;\" class=\"view da-thumbs\"><div class=\"iehand\"><a class=\"54-257\" rel=\"easymedia[grid]\" href=\"https:\/\/haus-anja-maria.de\/wp-content\/uploads\/2015\/06\/WhatsApp-Image-2020-06-15-at-09.38.35-940x705.jpeg\"><img decoding=\"async\" src=\"https:\/\/haus-anja-maria.de\/wp-content\/uploads\/2015\/06\/WhatsApp-Image-2020-06-15-at-09.38.35-160x160.jpeg\" alt=\"WhatsApp-Image-2020-06-15-at-09.38.35\" \/><article class=\"da-animate da-slideFromRight\"><p style=\"display: none;\" class=\"emgfittext\"><\/p><div class=\"forspan\"><span class=\"zoom\"><\/span><\/div><\/article><\/a><\/div><\/div><div style=\"width:160px; height:160px;\" class=\"view da-thumbs\"><div class=\"iehand\"><a class=\"54-253\" rel=\"easymedia[grid]\" href=\"https:\/\/haus-anja-maria.de\/wp-content\/uploads\/2015\/06\/WhatsApp-Image-2020-06-15-at-09.38.32-3-940x705.jpeg\"><img decoding=\"async\" src=\"https:\/\/haus-anja-maria.de\/wp-content\/uploads\/2015\/06\/WhatsApp-Image-2020-06-15-at-09.38.32-3-160x160.jpeg\" alt=\"WhatsApp-Image-2020-06-15-at-09.38.32-3\" \/><article class=\"da-animate da-slideFromRight\"><p style=\"display: none;\" class=\"emgfittext\"><\/p><div class=\"forspan\"><span class=\"zoom\"><\/span><\/div><\/article><\/a><\/div><\/div><div style=\"width:160px; height:160px;\" class=\"view da-thumbs\"><div class=\"iehand\"><a class=\"54-254\" rel=\"easymedia[grid]\" href=\"https:\/\/haus-anja-maria.de\/wp-content\/uploads\/2015\/06\/WhatsApp-Image-2020-06-15-at-09.38.33-1-940x705.jpeg\"><img decoding=\"async\" src=\"https:\/\/haus-anja-maria.de\/wp-content\/uploads\/2015\/06\/WhatsApp-Image-2020-06-15-at-09.38.33-1-160x160.jpeg\" alt=\"WhatsApp-Image-2020-06-15-at-09.38.33-1\" \/><article class=\"da-animate da-slideFromRight\"><p style=\"display: none;\" class=\"emgfittext\"><\/p><div class=\"forspan\"><span class=\"zoom\"><\/span><\/div><\/article><\/a><\/div><\/div><div style=\"width:160px; height:160px;\" class=\"view da-thumbs\"><div class=\"iehand\"><a class=\"54-315\" rel=\"easymedia[grid]\" href=\"https:\/\/haus-anja-maria.de\/wp-content\/uploads\/2015\/06\/PHOTO-2023-12-22-11-56-33-2.jpg\"><img decoding=\"async\" src=\"https:\/\/haus-anja-maria.de\/wp-content\/uploads\/2015\/06\/PHOTO-2023-12-22-11-56-33-2-160x160.jpg\" alt=\"PHOTO-2023-12-22-11-56-33-2\" \/><article class=\"da-animate da-slideFromRight\"><p style=\"display: none;\" class=\"emgfittext\"><\/p><div class=\"forspan\"><span class=\"zoom\"><\/span><\/div><\/article><\/a><\/div><\/div><div style=\"width:160px; height:160px;\" class=\"view da-thumbs\"><div class=\"iehand\"><a class=\"54-316\" rel=\"easymedia[grid]\" href=\"https:\/\/haus-anja-maria.de\/wp-content\/uploads\/2015\/06\/PHOTO-2023-12-22-11-56-33.jpg\"><img decoding=\"async\" src=\"https:\/\/haus-anja-maria.de\/wp-content\/uploads\/2015\/06\/PHOTO-2023-12-22-11-56-33-160x160.jpg\" alt=\"PHOTO-2023-12-22-11-56-33\" \/><article class=\"da-animate da-slideFromRight\"><p style=\"display: none;\" class=\"emgfittext\"><\/p><div class=\"forspan\"><span class=\"zoom\"><\/span><\/div><\/article><\/a><\/div><\/div><div style=\"width:160px; height:160px;\" class=\"view da-thumbs\"><div class=\"iehand\"><a class=\"54-317\" rel=\"easymedia[grid]\" href=\"https:\/\/haus-anja-maria.de\/wp-content\/uploads\/2015\/06\/PHOTO-2023-12-22-11-56-33-1.jpg\"><img decoding=\"async\" src=\"https:\/\/haus-anja-maria.de\/wp-content\/uploads\/2015\/06\/PHOTO-2023-12-22-11-56-33-1-160x160.jpg\" alt=\"PHOTO-2023-12-22-11-56-33-1\" \/><article class=\"da-animate da-slideFromRight\"><p style=\"display: none;\" class=\"emgfittext\"><\/p><div class=\"forspan\"><span class=\"zoom\"><\/span><\/div><\/article><\/a><\/div><\/div>\r\n<div style=\"clear:both;\"><\/div><\/div><\/div><\/div><style>\/*Dynamic CSS - By GhozyLab*\/.view {margin-bottom:12px; margin-right:6px; margin-left:6px;}.da-thumbs article.da-animate p{color:#C7C7C7 !important;}span.link_post, span.zoom, span.zooma {background-color:#474747;}.da-thumbs article.da-animate {cursor: pointer;}.view,.view img,.da-thumbs,.da-thumbs article.da-animate {border-radius:3px;}.view {border: 5px solid rgba(229,231,232,1);}.view {-webkit-box-shadow: 1px 1px 3px #4A4A4A; -moz-box-shadow: 1px 1px 3px #4A4A4A; box-shadow: 1px 1px 3px #4A4A4A;}#mbOverlay {background: url(https:\/\/haus-anja-maria.de\/wp-content\/plugins\/easy-media-gallery\/css\/images\/patterns\/pattern-01.png); background-repeat: repeat;}.da-thumbs article.da-animate p { background: rgba(0,0,0,0.5) !important;}.da-thumbs article{position: absolute; background: rgba(0,0,0,0.4); background-repeat:repeat; width: 100%; height: 100%;}span.zoom{background-image:url(https:\/\/haus-anja-maria.de\/wp-content\/plugins\/easy-media-gallery\/css\/images\/magnify\/Icon-0.png); background-repeat:no-repeat; background-position:center;}<\/style>\n","protected":false},"excerpt":{"rendered":"<p>Unsere gem\u00fctlich eingerichtete Souterrain-Wohnung (Raumh\u00f6he 2 Meter) hat einen separaten Eingang. W\u00e4sche, Handt\u00fccher und die Nebenkosten sind inklusive.<\/p>\n","protected":false},"author":1,"featured_media":0,"parent":0,"menu_order":0,"comment_status":"closed","ping_status":"closed","template":"","meta":{"footnotes":""},"class_list":["post-8","page","type-page","status-publish","hentry","column","threecol"],"_links":{"self":[{"href":"https:\/\/haus-anja-maria.de\/index.php?rest_route=\/wp\/v2\/pages\/8","targetHints":{"allow":["GET"]}}],"collection":[{"href":"https:\/\/haus-anja-maria.de\/index.php?rest_route=\/wp\/v2\/pages"}],"about":[{"href":"https:\/\/haus-anja-maria.de\/index.php?rest_route=\/wp\/v2\/types\/page"}],"author":[{"embeddable":true,"href":"https:\/\/haus-anja-maria.de\/index.php?rest_route=\/wp\/v2\/users\/1"}],"replies":[{"embeddable":true,"href":"https:\/\/haus-anja-maria.de\/index.php?rest_route=%2Fwp%2Fv2%2Fcomments&post=8"}],"version-history":[{"count":9,"href":"https:\/\/haus-anja-maria.de\/index.php?rest_route=\/wp\/v2\/pages\/8\/revisions"}],"predecessor-version":[{"id":319,"href":"https:\/\/haus-anja-maria.de\/index.php?rest_route=\/wp\/v2\/pages\/8\/revisions\/319"}],"wp:attachment":[{"href":"https:\/\/haus-anja-maria.de\/index.php?rest_route=%2Fwp%2Fv2%2Fmedia&parent=8"}],"curies":[{"name":"wp","href":"https:\/\/api.w.org\/{rel}","templated":true}]}}